{"id":15846,"date":"2025-09-04T21:49:22","date_gmt":"2025-09-04T21:49:22","guid":{"rendered":"https:\/\/printnord.com\/product\/hoodie-med-eget-tryck-unisex-2\/"},"modified":"2025-09-04T21:49:22","modified_gmt":"2025-09-04T21:49:22","slug":"hoodie-med-eget-tryck-unisex-2","status":"publish","type":"product","link":"https:\/\/printnord.com\/sv\/product\/hoodie-med-eget-tryck-unisex-2\/","title":{"rendered":"Hoodie med eget tryck \u2013 Unisex"},"content":{"rendered":"<p>Alla beh\u00f6ver en mysig hoodie att krypa in i \u2013 s\u00e5 v\u00e4lj en som \u00e4r mjuk, sk\u00f6n och stilren. Det \u00e4r det perfekta valet f\u00f6r svalare kv\u00e4llar! V\u00e4lj f\u00e4rg + storlek och klicka p\u00e5 \u201dCustomize\u201d f\u00f6r att g\u00f6ra den helt unik.  <\/p>\n<p>50 % f\u00f6rkrympt bomull, 50 % polyester<br \/>\nHeather Sport Dark Navy: 40 % bomull, 60 % polyester<br \/>\nTygvikt: 271 g\/m\u00b2 (8,0 oz\/yd\u00b2)<br \/>\nAir-jet-spunnet garn med mjuk k\u00e4nsla och mindre noppor<br \/>\nDubbel huva med matchande dragsko<br \/>\nKvarts\u00advridet plagg f\u00f6r att undvika veck l\u00e4ngs mitten<br \/>\n1 \u00d7 1 atletisk ribbstickad mudd och midja med spandex<br \/>\nFramficka (k\u00e4nguruficka)<br \/>\nDubbelsydd krage, axlar, \u00e4rmh\u00e5l, muddar och f\u00e5ll<br \/>\nOtryckt plagg tillverkat i Bangladesh, Nicaragua, Honduras eller El Salvador<\/p>\n<p>OBS: P\u00e5 grund av tygens egenskaper kan den vita f\u00e4rgvarianten uppfattas som off-white snarare \u00e4n klarr\u00f6d.<\/p>\n","protected":false},"excerpt":{"rendered":"<p>V\u00e4lj f\u00e4rg och storlek, klicka sedan p\u00e5 \u201danpassa\u201d f\u00f6r att g\u00f6ra den helt unik! Perfekt till fester, som en personlig g\u00e5va eller f\u00f6r att skapa din egen stil. <\/p>\n","protected":false},"featured_media":15130,"comment_status":"open","ping_status":"closed","template":"","meta":{"_uag_custom_page_level_css":"","site-sidebar-layout":"default","site-content-layout":"","ast-site-content-layout":"default","site-content-style":"default","site-sidebar-style":"default","ast-global-header-display":"","ast-banner-title-visibility":"","ast-main-header-display":"","ast-hfb-above-header-display":"","ast-hfb-below-header-display":"","ast-hfb-mobile-header-display":"","site-post-title":"","ast-breadcrumbs-content":"","ast-featured-img":"","footer-sml-layout":"","theme-transparent-header-meta":"default","adv-header-id-meta":"","stick-header-meta":"","header-above-stick-meta":"","header-main-stick-meta":"","header-below-stick-meta":"","astra-migrate-meta-layouts":"default","ast-page-background-enabled":"default","ast-page-background-meta":{"desktop":{"background-color":"","background-image":"","background-repeat":"repeat","background-position":"center center","background-size":"auto","background-attachment":"scroll","background-type":"","background-media":"","overlay-type":"","overlay-color":"","overlay-opacity":"","overlay-gradient":""},"tablet":{"background-color":"","background-image":"","background-repeat":"repeat","background-position":"center center","background-size":"auto","background-attachment":"scroll","background-type":"","background-media":"","overlay-type":"","overlay-color":"","overlay-opacity":"","overlay-gradient":""},"mobile":{"background-color":"","background-image":"","background-repeat":"repeat","background-position":"center center","background-size":"auto","background-attachment":"scroll","background-type":"","background-media":"","overlay-type":"","overlay-color":"","overlay-opacity":"","overlay-gradient":""}},"ast-content-background-meta":{"desktop":{"background-color":"var(--ast-global-color-5)","background-image":"","background-repeat":"repeat","background-position":"center center","background-size":"auto","background-attachment":"scroll","background-type":"","background-media":"","overlay-type":"","overlay-color":"","overlay-opacity":"","overlay-gradient":""},"tablet":{"background-color":"var(--ast-global-color-5)","background-image":"","background-repeat":"repeat","background-position":"center center","background-size":"auto","background-attachment":"scroll","background-type":"","background-media":"","overlay-type":"","overlay-color":"","overlay-opacity":"","overlay-gradient":""},"mobile":{"background-color":"var(--ast-global-color-5)","background-image":"","background-repeat":"repeat","background-position":"center center","background-size":"auto","background-attachment":"scroll","background-type":"","background-media":"","overlay-type":"","overlay-color":"","overlay-opacity":"","overlay-gradient":""}}},"product_brand":[],"product_cat":[294],"product_tag":[],"class_list":{"0":"post-15846","1":"product","2":"type-product","3":"status-publish","4":"has-post-thumbnail","6":"product_cat-klader","7":"desktop-align-center","8":"tablet-align-center","9":"mobile-align-center","11":"first","12":"instock","13":"taxable","14":"shipping-taxable","15":"purchasable","16":"product-type-variable","17":"product-type-zakeke","18":"product-type-external"},"spectra_custom_meta":{"rank_math_internal_links_processed":["1"],"_alp_processed":["1757027176"],"_wcml_average_rating":[null],"_wcml_review_count":[null],"_wcml_rating_count":[null],"rank_math_primary_product_cat":["0"],"_backorders":["no"],"_download_limit":["-1"],"_download_expiry":["-1"],"_downloadable":["no"],"_manage_stock":["no"],"_stock_status":["instock"],"_sold_individually":["no"],"_tax_class":[""],"_tax_status":["taxable"],"_virtual":["no"],"total_sales":["2"],"_price":["47.5","50.5","54"],"_wpml_media_duplicate":["1"],"_wpml_media_featured":["1"],"site-sidebar-layout":["default"],"theme-transparent-header-meta":["default"],"ast-site-content-layout":["default"],"site-content-style":["default"],"site-sidebar-style":["default"],"_top_nav_excluded":[""],"_cms_nav_minihome":[""],"_thumbnail_id":["15130"],"_product_attributes":["a:2:{s:12:\"pa_zak-color\";a:6:{s:4:\"name\";s:12:\"pa_zak-color\";s:5:\"value\";s:0:\"\";s:8:\"position\";i:0;s:10:\"is_visible\";i:1;s:12:\"is_variation\";i:1;s:11:\"is_taxonomy\";i:1;}s:11:\"pa_zak-size\";a:6:{s:4:\"name\";s:11:\"pa_zak-size\";s:5:\"value\";s:0:\"\";s:8:\"position\";i:0;s:10:\"is_visible\";i:1;s:12:\"is_variation\";i:1;s:11:\"is_taxonomy\";i:1;}}"],"_wpml_word_count":["168"],"_product_image_gallery":["15136,15142,15148,15154,15160,15166,15172,15178,15184,15190,15196,15202,15208,15214,15220,15226,15232,15238,15244,15250,15256,15262,15268,15274,15280,15286,15292,15298,15304,15310,15316,15322,15328,15334,15340,15346"],"_uag_page_assets":["a:9:{s:3:\"css\";s:263:\".uag-blocks-common-selector{z-index:var(--z-index-desktop) !important}@media (max-width: 976px){.uag-blocks-common-selector{z-index:var(--z-index-tablet) !important}}@media (max-width: 767px){.uag-blocks-common-selector{z-index:var(--z-index-mobile) !important}}\n\";s:2:\"js\";s:0:\"\";s:18:\"current_block_list\";a:12:{i:0;s:11:\"core\/search\";i:1;s:10:\"core\/group\";i:2;s:12:\"core\/heading\";i:3;s:17:\"core\/latest-posts\";i:4;s:20:\"core\/latest-comments\";i:5;s:13:\"core\/archives\";i:6;s:15:\"core\/categories\";i:7;s:14:\"core\/paragraph\";i:8;s:18:\"core\/legacy-widget\";i:9;s:24:\"woocommerce\/price-filter\";i:10;s:17:\"core\/widget-group\";i:11;s:27:\"woocommerce\/product-on-sale\";}s:8:\"uag_flag\";b:0;s:11:\"uag_version\";s:10:\"1761046449\";s:6:\"gfonts\";a:0:{}s:10:\"gfonts_url\";s:0:\"\";s:12:\"gfonts_files\";a:0:{}s:14:\"uag_faq_layout\";b:0;}"],"_uag_css_file_name":["uag-css-15846.css"]},"uagb_featured_image_src":{"full":["https:\/\/printnord.com\/wp-content\/uploads\/2025\/09\/5530_1750160839.jpg",700,1000,false],"thumbnail":["https:\/\/printnord.com\/wp-content\/uploads\/2025\/09\/5530_1750160839-150x150.jpg",150,150,true],"medium":["https:\/\/printnord.com\/wp-content\/uploads\/2025\/09\/5530_1750160839-210x300.jpg",210,300,true],"medium_large":["https:\/\/printnord.com\/wp-content\/uploads\/2025\/09\/5530_1750160839.jpg",700,1000,false],"large":["https:\/\/printnord.com\/wp-content\/uploads\/2025\/09\/5530_1750160839.jpg",700,1000,false],"1536x1536":["https:\/\/printnord.com\/wp-content\/uploads\/2025\/09\/5530_1750160839.jpg",700,1000,false],"2048x2048":["https:\/\/printnord.com\/wp-content\/uploads\/2025\/09\/5530_1750160839.jpg",700,1000,false],"woocommerce_thumbnail":["https:\/\/printnord.com\/wp-content\/uploads\/2025\/09\/5530_1750160839-300x300.jpg",300,300,true],"woocommerce_single":["https:\/\/printnord.com\/wp-content\/uploads\/2025\/09\/5530_1750160839-600x857.jpg",600,857,true],"woocommerce_gallery_thumbnail":["https:\/\/printnord.com\/wp-content\/uploads\/2025\/09\/5530_1750160839-100x100.jpg",100,100,true]},"uagb_author_info":{"display_name":"Oy Rossi Ventures Ab - 3533901-2 Johannes Rossi","author_link":"https:\/\/printnord.com\/sv\/author\/"},"uagb_comment_info":0,"uagb_excerpt":"V\u00e4lj f\u00e4rg och storlek, klicka sedan p\u00e5 \u201danpassa\u201d f\u00f6r att g\u00f6ra den helt unik! Perfekt till fester, som en personlig g\u00e5va eller f\u00f6r att skapa din egen stil.","_links":{"self":[{"href":"https:\/\/printnord.com\/sv\/wp-json\/wp\/v2\/product\/15846","targetHints":{"allow":["GET"]}}],"collection":[{"href":"https:\/\/printnord.com\/sv\/wp-json\/wp\/v2\/product"}],"about":[{"href":"https:\/\/printnord.com\/sv\/wp-json\/wp\/v2\/types\/product"}],"replies":[{"embeddable":true,"href":"https:\/\/printnord.com\/sv\/wp-json\/wp\/v2\/comments?post=15846"}],"wp:featuredmedia":[{"embeddable":true,"href":"https:\/\/printnord.com\/sv\/wp-json\/wp\/v2\/media\/15130"}],"wp:attachment":[{"href":"https:\/\/printnord.com\/sv\/wp-json\/wp\/v2\/media?parent=15846"}],"wp:term":[{"taxonomy":"product_brand","embeddable":true,"href":"https:\/\/printnord.com\/sv\/wp-json\/wp\/v2\/product_brand?post=15846"},{"taxonomy":"product_cat","embeddable":true,"href":"https:\/\/printnord.com\/sv\/wp-json\/wp\/v2\/product_cat?post=15846"},{"taxonomy":"product_tag","embeddable":true,"href":"https:\/\/printnord.com\/sv\/wp-json\/wp\/v2\/product_tag?post=15846"}],"curies":[{"name":"wp","href":"https:\/\/api.w.org\/{rel}","templated":true}]}}