{"id":15788,"date":"2025-09-04T22:17:35","date_gmt":"2025-09-04T22:17:35","guid":{"rendered":"https:\/\/printnord.com\/product\/inramat-premium-luster-fotopapper\/"},"modified":"2025-09-04T22:17:35","modified_gmt":"2025-09-04T22:17:35","slug":"inramat-premium-luster-fotopapper","status":"publish","type":"product","link":"https:\/\/printnord.com\/sv\/product\/inramat-premium-luster-fotopapper\/","title":{"rendered":"Inramat Premium Luster Fotopapper"},"content":{"rendered":"<p>G\u00f6r ett intryck i vilket rum som helst med denna inramade affisch tryckt p\u00e5 h\u00f6gkvalitativt papper, med en vacker kombination av delvis glansig och delvis matt yta.<\/p>\n<p>\u202210 mil (\u2248 0,25 mm) tjockt papper<br \/>\u2022 Pappersvikt: 260 g\/m\u00b2<br \/>\u2022 0,75&#8243; (1,9 cm) tjock ram av ayoustr\u00e4<br \/>\u2022 Akrylfrontskydd<br \/>\u2022 Upph\u00e4ngningsbeslag ing\u00e5r<br \/>\u2022 Tomma produktkomponenter i EU med ursprung fr\u00e5n Japan och Lettland<\/p>\n<p>Tillg\u00e4ngliga storlekar:<br \/>\u2022 8\u2033 \u00d7 10\u2033 (20 \u00d7 25 cm)<br \/>\u2022 12\u2033 \u00d7 16\u2033 (30 \u00d7 40 cm)<br \/>\u2022 16\u2033 \u00d7 20\u2033 (40 \u00d7 50 cm)<br \/>\u2022 18\u2033 \u00d7 24\u2033 (45 \u00d7 60 cm)<\/p>\n<p>Upph\u00e4ngningstips f\u00f6r stora horisontella ramar:<br \/>Placera varje upph\u00e4ngningskrok cirka 2,5 cm fr\u00e5n ramens h\u00f6rn vid horisontell upph\u00e4ngning.<\/p>\n","protected":false},"excerpt":{"rendered":"<p>G\u00f6r ett intryck i vilket rum som helst med denna inramade affisch tryckt p\u00e5 h\u00f6gkvalitativt papper, med en vacker kombination av delvis glansig och delvis matt yta. \u202210 mil (\u2248 0,25 mm) tjockt papper\u2022 Pappersvikt: 260 g\/m\u00b2\u2022 0,75&#8243; (1,9 cm) tjock ram av ayoustr\u00e4\u2022 Akrylfrontskydd\u2022 Upph\u00e4ngningsbeslag ing\u00e5r\u2022 Tomma produktkomponenter i EU med ursprung fr\u00e5n Japan [&hellip;]<\/p>\n","protected":false},"featured_media":15671,"comment_status":"open","ping_status":"closed","template":"","meta":{"_uag_custom_page_level_css":"","site-sidebar-layout":"default","site-content-layout":"","ast-site-content-layout":"default","site-content-style":"default","site-sidebar-style":"default","ast-global-header-display":"","ast-banner-title-visibility":"","ast-main-header-display":"","ast-hfb-above-header-display":"","ast-hfb-below-header-display":"","ast-hfb-mobile-header-display":"","site-post-title":"","ast-breadcrumbs-content":"","ast-featured-img":"","footer-sml-layout":"","theme-transparent-header-meta":"","adv-header-id-meta":"","stick-header-meta":"","header-above-stick-meta":"","header-main-stick-meta":"","header-below-stick-meta":"","astra-migrate-meta-layouts":"default","ast-page-background-enabled":"default","ast-page-background-meta":{"desktop":{"background-color":"","background-image":"","background-repeat":"repeat","background-position":"center center","background-size":"auto","background-attachment":"scroll","background-type":"","background-media":"","overlay-type":"","overlay-color":"","overlay-opacity":"","overlay-gradient":""},"tablet":{"background-color":"","background-image":"","background-repeat":"repeat","background-position":"center center","background-size":"auto","background-attachment":"scroll","background-type":"","background-media":"","overlay-type":"","overlay-color":"","overlay-opacity":"","overlay-gradient":""},"mobile":{"background-color":"","background-image":"","background-repeat":"repeat","background-position":"center center","background-size":"auto","background-attachment":"scroll","background-type":"","background-media":"","overlay-type":"","overlay-color":"","overlay-opacity":"","overlay-gradient":""}},"ast-content-background-meta":{"desktop":{"background-color":"var(--ast-global-color-5)","background-image":"","background-repeat":"repeat","background-position":"center center","background-size":"auto","background-attachment":"scroll","background-type":"","background-media":"","overlay-type":"","overlay-color":"","overlay-opacity":"","overlay-gradient":""},"tablet":{"background-color":"var(--ast-global-color-5)","background-image":"","background-repeat":"repeat","background-position":"center center","background-size":"auto","background-attachment":"scroll","background-type":"","background-media":"","overlay-type":"","overlay-color":"","overlay-opacity":"","overlay-gradient":""},"mobile":{"background-color":"var(--ast-global-color-5)","background-image":"","background-repeat":"repeat","background-position":"center center","background-size":"auto","background-attachment":"scroll","background-type":"","background-media":"","overlay-type":"","overlay-color":"","overlay-opacity":"","overlay-gradient":""}}},"product_brand":[],"product_cat":[298],"product_tag":[],"class_list":{"0":"post-15788","1":"product","2":"type-product","3":"status-publish","4":"has-post-thumbnail","6":"product_cat-fotoprodukter","7":"desktop-align-center","8":"tablet-align-center","9":"mobile-align-center","11":"first","12":"instock","13":"taxable","14":"shipping-taxable","15":"purchasable","16":"product-type-variable","17":"product-type-zakeke","18":"product-type-external"},"spectra_custom_meta":{"rank_math_internal_links_processed":["1"],"_alp_processed":["1757026444"],"_wcml_average_rating":[null],"_wcml_review_count":[null],"_wcml_rating_count":[null],"_backorders":["no"],"_download_limit":["-1"],"_download_expiry":["-1"],"_downloadable":["no"],"_manage_stock":["no"],"_stock_status":["instock"],"_sold_individually":["no"],"_tax_class":[""],"_tax_status":["taxable"],"_virtual":["no"],"total_sales":["1"],"_price":["35.5","54.5","76.5","82.5","86.5"],"_top_nav_excluded":[""],"_cms_nav_minihome":[""],"_product_attributes":["a:2:{s:12:\"pa_zak-color\";a:6:{s:4:\"name\";s:12:\"pa_zak-color\";s:5:\"value\";s:0:\"\";s:8:\"position\";i:0;s:10:\"is_visible\";i:1;s:12:\"is_variation\";i:1;s:11:\"is_taxonomy\";i:1;}s:11:\"pa_zak-size\";a:6:{s:4:\"name\";s:11:\"pa_zak-size\";s:5:\"value\";s:0:\"\";s:8:\"position\";i:0;s:10:\"is_visible\";i:1;s:12:\"is_variation\";i:1;s:11:\"is_taxonomy\";i:1;}}"],"_wpml_word_count":["113"],"_thumbnail_id":["15671"],"_uag_page_assets":["a:9:{s:3:\"css\";s:263:\".uag-blocks-common-selector{z-index:var(--z-index-desktop) !important}@media (max-width: 976px){.uag-blocks-common-selector{z-index:var(--z-index-tablet) !important}}@media (max-width: 767px){.uag-blocks-common-selector{z-index:var(--z-index-mobile) !important}}\n\";s:2:\"js\";s:0:\"\";s:18:\"current_block_list\";a:12:{i:0;s:11:\"core\/search\";i:1;s:10:\"core\/group\";i:2;s:12:\"core\/heading\";i:3;s:17:\"core\/latest-posts\";i:4;s:20:\"core\/latest-comments\";i:5;s:13:\"core\/archives\";i:6;s:15:\"core\/categories\";i:7;s:14:\"core\/paragraph\";i:8;s:18:\"core\/legacy-widget\";i:9;s:24:\"woocommerce\/price-filter\";i:10;s:17:\"core\/widget-group\";i:11;s:27:\"woocommerce\/product-on-sale\";}s:8:\"uag_flag\";b:0;s:11:\"uag_version\";s:10:\"1761046449\";s:6:\"gfonts\";a:0:{}s:10:\"gfonts_url\";s:0:\"\";s:12:\"gfonts_files\";a:0:{}s:14:\"uag_faq_layout\";b:0;}"],"_uag_css_file_name":["uag-css-15788.css"]},"uagb_featured_image_src":{"full":["https:\/\/printnord.com\/wp-content\/uploads\/2025\/09\/6886_1527683301.jpg",700,1000,false],"thumbnail":["https:\/\/printnord.com\/wp-content\/uploads\/2025\/09\/6886_1527683301-150x150.jpg",150,150,true],"medium":["https:\/\/printnord.com\/wp-content\/uploads\/2025\/09\/6886_1527683301-210x300.jpg",210,300,true],"medium_large":["https:\/\/printnord.com\/wp-content\/uploads\/2025\/09\/6886_1527683301.jpg",700,1000,false],"large":["https:\/\/printnord.com\/wp-content\/uploads\/2025\/09\/6886_1527683301.jpg",700,1000,false],"1536x1536":["https:\/\/printnord.com\/wp-content\/uploads\/2025\/09\/6886_1527683301.jpg",700,1000,false],"2048x2048":["https:\/\/printnord.com\/wp-content\/uploads\/2025\/09\/6886_1527683301.jpg",700,1000,false],"woocommerce_thumbnail":["https:\/\/printnord.com\/wp-content\/uploads\/2025\/09\/6886_1527683301-300x300.jpg",300,300,true],"woocommerce_single":["https:\/\/printnord.com\/wp-content\/uploads\/2025\/09\/6886_1527683301-600x857.jpg",600,857,true],"woocommerce_gallery_thumbnail":["https:\/\/printnord.com\/wp-content\/uploads\/2025\/09\/6886_1527683301-100x100.jpg",100,100,true]},"uagb_author_info":{"display_name":"Oy Rossi Ventures Ab - 3533901-2 Johannes Rossi","author_link":"https:\/\/printnord.com\/sv\/author\/"},"uagb_comment_info":0,"uagb_excerpt":"G\u00f6r ett intryck i vilket rum som helst med denna inramade affisch tryckt p\u00e5 h\u00f6gkvalitativt papper, med en vacker kombination av delvis glansig och delvis matt yta. \u202210 mil (\u2248 0,25 mm) tjockt papper\u2022 Pappersvikt: 260 g\/m\u00b2\u2022 0,75&#8243; (1,9 cm) tjock ram av ayoustr\u00e4\u2022 Akrylfrontskydd\u2022 Upph\u00e4ngningsbeslag ing\u00e5r\u2022 Tomma produktkomponenter i EU med ursprung fr\u00e5n Japan&hellip;","_links":{"self":[{"href":"https:\/\/printnord.com\/sv\/wp-json\/wp\/v2\/product\/15788","targetHints":{"allow":["GET"]}}],"collection":[{"href":"https:\/\/printnord.com\/sv\/wp-json\/wp\/v2\/product"}],"about":[{"href":"https:\/\/printnord.com\/sv\/wp-json\/wp\/v2\/types\/product"}],"replies":[{"embeddable":true,"href":"https:\/\/printnord.com\/sv\/wp-json\/wp\/v2\/comments?post=15788"}],"wp:featuredmedia":[{"embeddable":true,"href":"https:\/\/printnord.com\/sv\/wp-json\/wp\/v2\/media\/15671"}],"wp:attachment":[{"href":"https:\/\/printnord.com\/sv\/wp-json\/wp\/v2\/media?parent=15788"}],"wp:term":[{"taxonomy":"product_brand","embeddable":true,"href":"https:\/\/printnord.com\/sv\/wp-json\/wp\/v2\/product_brand?post=15788"},{"taxonomy":"product_cat","embeddable":true,"href":"https:\/\/printnord.com\/sv\/wp-json\/wp\/v2\/product_cat?post=15788"},{"taxonomy":"product_tag","embeddable":true,"href":"https:\/\/printnord.com\/sv\/wp-json\/wp\/v2\/product_tag?post=15788"}],"curies":[{"name":"wp","href":"https:\/\/api.w.org\/{rel}","templated":true}]}}