{"id":12901,"date":"2025-04-22T16:40:30","date_gmt":"2025-04-22T16:40:30","guid":{"rendered":"https:\/\/printnord.com\/juridisk-information\/"},"modified":"2025-05-26T11:03:13","modified_gmt":"2025-05-26T11:03:13","slug":"juridisk-information","status":"publish","type":"page","link":"https:\/\/printnord.com\/sv\/juridisk-information\/","title":{"rendered":"Juridisk information"},"content":{"rendered":"\n<h2 class=\"wp-block-heading\">Integritetspolicy<\/h2>\n\n<p><br\/><strong><a href=\"https:\/\/printnord.com\/wp-content\/uploads\/2025\/05\/Integritetspolicy-&#x2013;-PrintNord.pdf\">Integritetspolicy PDF<\/a><\/strong> (uppdaterad 25.05.2025)<\/p>\n\n<h2 class=\"wp-block-heading\">Allm\u00e4nna villkor<\/h2>\n\n<p><strong><a href=\"https:\/\/printnord.com\/wp-content\/uploads\/2025\/05\/Allmanna-villkor-&#x2013;-PrintNord-1.pdf\">Allm\u00e4nna villkor PDF<\/a><\/strong> (uppdaterad 26.05.2025)<\/p>\n\n<h2 class=\"wp-block-heading\">Cookiepolicy<\/h2>\n\n<p><br\/><strong><a href=\"https:\/\/printnord.com\/wp-content\/uploads\/2025\/05\/Cookiepolicy-&#x2013;-PrintNord.pdf\">Cookiepolicy PDF<\/a><\/strong> (uppdaterad 25.05.2025)<\/p>\n\n<h2 class=\"wp-block-heading\">Retur- och \u00e5ngerr\u00e4ttspolicy<\/h2>\n\n<p><strong><a href=\"https:\/\/printnord.com\/wp-content\/uploads\/2025\/05\/Angerratts-och-returpolicy-&#x2013;-PrintNord.pdf\">Retur- och \u00e5ngerr\u00e4ttspolicy PDF<\/a><\/strong> (uppdaterad 25.05.2025)<\/p>\n\n<h2 class=\"wp-block-heading\">Tillg\u00e4nglighetsutl\u00e5tande<\/h2>\n\n<p><strong><a href=\"https:\/\/printnord.com\/wp-content\/uploads\/2025\/05\/Tillganglighetsutlatande-&#x2013;-PrintNord.pdf\">Tillg\u00e4nglighetsutl\u00e5tande PDF<\/a><\/strong> (uppdaterad 25.05.2025)<\/p>\n\n<h2 class=\"wp-block-heading\">Juridisk information (Impressum)<\/h2>\n\n<p><strong>PrintNord \u00e4r en registrerad bifirma till Oy Rossi Ventures Ab<br\/><\/strong>Oy Rossi Ventures Ab<br\/>FO-nummer: 3533901-2<br\/>Katajasaarenkatu 6 A 4<br\/>53900 Villmanstrand, Finland<br\/>E-post: <a href=\"mailto:hello@printnord.com\">hello@printnord.com<\/a><br\/>Ansvarig f\u00f6r n\u00e4tbutiken: Johannes Rossi, VD<br\/>Registrerad i handelsregistret<br\/>Momsregistrerad f\u00f6retagare (i momsregistret)<br\/>Denna webbplats verkar inom EU- och EES-omr\u00e5det och f\u00f6ljer till\u00e4mplig konsumentskyddslagstiftning.<\/p>\n","protected":false},"excerpt":{"rendered":"<p>Integritetspolicy Integritetspolicy PDF (uppdaterad 25.05.2025) Allm\u00e4nna villkor Allm\u00e4nna villkor PDF (uppdaterad 26.05.2025) Cookiepolicy Cookiepolicy PDF (uppdaterad 25.05.2025) Retur- och \u00e5ngerr\u00e4ttspolicy Retur- och \u00e5ngerr\u00e4ttspolicy PDF (uppdaterad 25.05.2025) Tillg\u00e4nglighetsutl\u00e5tande Tillg\u00e4nglighetsutl\u00e5tande PDF (uppdaterad 25.05.2025) Juridisk information (Impressum) PrintNord \u00e4r en registrerad bifirma till Oy Rossi Ventures AbOy Rossi Ventures AbFO-nummer: 3533901-2Katajasaarenkatu 6 A 453900 Villmanstrand, FinlandE-post: hello@printnord.comAnsvarig f\u00f6r [&hellip;]<\/p>\n","protected":false},"author":1,"featured_media":0,"parent":0,"menu_order":0,"comment_status":"closed","ping_status":"closed","template":"","meta":{"_uag_custom_page_level_css":"","site-sidebar-layout":"default","site-content-layout":"","ast-site-content-layout":"default","site-content-style":"default","site-sidebar-style":"default","ast-global-header-display":"","ast-banner-title-visibility":"","ast-main-header-display":"","ast-hfb-above-header-display":"","ast-hfb-below-header-display":"","ast-hfb-mobile-header-display":"","site-post-title":"","ast-breadcrumbs-content":"","ast-featured-img":"","footer-sml-layout":"","theme-transparent-header-meta":"","adv-header-id-meta":"","stick-header-meta":"","header-above-stick-meta":"","header-main-stick-meta":"","header-below-stick-meta":"","astra-migrate-meta-layouts":"default","ast-page-background-enabled":"default","ast-page-background-meta":{"desktop":{"background-color":"","background-image":"","background-repeat":"repeat","background-position":"center center","background-size":"auto","background-attachment":"scroll","background-type":"","background-media":"","overlay-type":"","overlay-color":"","overlay-opacity":"","overlay-gradient":""},"tablet":{"background-color":"","background-image":"","background-repeat":"repeat","background-position":"center center","background-size":"auto","background-attachment":"scroll","background-type":"","background-media":"","overlay-type":"","overlay-color":"","overlay-opacity":"","overlay-gradient":""},"mobile":{"background-color":"","background-image":"","background-repeat":"repeat","background-position":"center center","background-size":"auto","background-attachment":"scroll","background-type":"","background-media":"","overlay-type":"","overlay-color":"","overlay-opacity":"","overlay-gradient":""}},"ast-content-background-meta":{"desktop":{"background-color":"var(--ast-global-color-5)","background-image":"","background-repeat":"repeat","background-position":"center center","background-size":"auto","background-attachment":"scroll","background-type":"","background-media":"","overlay-type":"","overlay-color":"","overlay-opacity":"","overlay-gradient":""},"tablet":{"background-color":"var(--ast-global-color-5)","background-image":"","background-repeat":"repeat","background-position":"center center","background-size":"auto","background-attachment":"scroll","background-type":"","background-media":"","overlay-type":"","overlay-color":"","overlay-opacity":"","overlay-gradient":""},"mobile":{"background-color":"var(--ast-global-color-5)","background-image":"","background-repeat":"repeat","background-position":"center center","background-size":"auto","background-attachment":"scroll","background-type":"","background-media":"","overlay-type":"","overlay-color":"","overlay-opacity":"","overlay-gradient":""}},"footnotes":""},"class_list":["post-12901","page","type-page","status-publish","hentry"],"spectra_custom_meta":{"rank_math_internal_links_processed":["1"],"_alp_processed":["1748257393"],"_wpml_media_duplicate":["1"],"_wpml_media_featured":["1"],"ast-main-header-display":[""],"ast-hfb-above-header-display":[""],"ast-hfb-below-header-display":[""],"ast-hfb-mobile-header-display":[""],"adv-header-id-meta":[""],"footer-sml-layout":[""],"stick-header-meta":[""],"header-main-stick-meta":[""],"header-above-stick-meta":[""],"header-below-stick-meta":[""],"site-post-title":[""],"site-sidebar-layout":["default"],"site-content-layout":[""],"ast-featured-img":[""],"ast-breadcrumbs-content":[""],"theme-transparent-header-meta":[""],"ast-banner-title-visibility":[""],"ast-global-header-display":[""],"ast-site-content-layout":["default"],"site-content-style":["default"],"site-sidebar-style":["default"],"_top_nav_excluded":[""],"_cms_nav_minihome":[""],"_wp_page_template":["default"],"rank_math_robots":["a:1:{i:0;s:5:\"index\";}"],"_last_translation_edit_mode":["translation-editor"],"_wpml_word_count":["130"],"_uag_page_assets":["a:9:{s:3:\"css\";s:263:\".uag-blocks-common-selector{z-index:var(--z-index-desktop) !important}@media (max-width: 976px){.uag-blocks-common-selector{z-index:var(--z-index-tablet) !important}}@media (max-width: 767px){.uag-blocks-common-selector{z-index:var(--z-index-mobile) !important}}\n\";s:2:\"js\";s:0:\"\";s:18:\"current_block_list\";a:12:{i:0;s:12:\"core\/heading\";i:1;s:14:\"core\/paragraph\";i:2;s:11:\"core\/search\";i:3;s:10:\"core\/group\";i:4;s:17:\"core\/latest-posts\";i:5;s:20:\"core\/latest-comments\";i:6;s:13:\"core\/archives\";i:7;s:15:\"core\/categories\";i:8;s:18:\"core\/legacy-widget\";i:9;s:24:\"woocommerce\/price-filter\";i:10;s:17:\"core\/widget-group\";i:11;s:27:\"woocommerce\/product-on-sale\";}s:8:\"uag_flag\";b:0;s:11:\"uag_version\";s:10:\"1761046449\";s:6:\"gfonts\";a:0:{}s:10:\"gfonts_url\";s:0:\"\";s:12:\"gfonts_files\";a:0:{}s:14:\"uag_faq_layout\";b:0;}"],"_uag_css_file_name":["uag-css-12901.css"]},"uagb_featured_image_src":{"full":false,"thumbnail":false,"medium":false,"medium_large":false,"large":false,"1536x1536":false,"2048x2048":false,"woocommerce_thumbnail":false,"woocommerce_single":false,"woocommerce_gallery_thumbnail":false},"uagb_author_info":{"display_name":"Oy Rossi Ventures Ab - 3533901-2 Johannes Rossi","author_link":"https:\/\/printnord.com\/sv\/author\/johannesrossi92gmail-com\/"},"uagb_comment_info":0,"uagb_excerpt":"Integritetspolicy Integritetspolicy PDF (uppdaterad 25.05.2025) Allm\u00e4nna villkor Allm\u00e4nna villkor PDF (uppdaterad 26.05.2025) Cookiepolicy Cookiepolicy PDF (uppdaterad 25.05.2025) Retur- och \u00e5ngerr\u00e4ttspolicy Retur- och \u00e5ngerr\u00e4ttspolicy PDF (uppdaterad 25.05.2025) Tillg\u00e4nglighetsutl\u00e5tande Tillg\u00e4nglighetsutl\u00e5tande PDF (uppdaterad 25.05.2025) Juridisk information (Impressum) PrintNord \u00e4r en registrerad bifirma till Oy Rossi Ventures AbOy Rossi Ventures AbFO-nummer: 3533901-2Katajasaarenkatu 6 A 453900 Villmanstrand, FinlandE-post: hello@printnord.comAnsvarig f\u00f6r&hellip;","_links":{"self":[{"href":"https:\/\/printnord.com\/sv\/wp-json\/wp\/v2\/pages\/12901","targetHints":{"allow":["GET"]}}],"collection":[{"href":"https:\/\/printnord.com\/sv\/wp-json\/wp\/v2\/pages"}],"about":[{"href":"https:\/\/printnord.com\/sv\/wp-json\/wp\/v2\/types\/page"}],"author":[{"embeddable":true,"href":"https:\/\/printnord.com\/sv\/wp-json\/wp\/v2\/users\/1"}],"replies":[{"embeddable":true,"href":"https:\/\/printnord.com\/sv\/wp-json\/wp\/v2\/comments?post=12901"}],"version-history":[{"count":5,"href":"https:\/\/printnord.com\/sv\/wp-json\/wp\/v2\/pages\/12901\/revisions"}],"predecessor-version":[{"id":13027,"href":"https:\/\/printnord.com\/sv\/wp-json\/wp\/v2\/pages\/12901\/revisions\/13027"}],"wp:attachment":[{"href":"https:\/\/printnord.com\/sv\/wp-json\/wp\/v2\/media?parent=12901"}],"curies":[{"name":"wp","href":"https:\/\/api.w.org\/{rel}","templated":true}]}}