{"id":12921,"date":"2025-04-22T16:40:30","date_gmt":"2025-04-22T16:40:30","guid":{"rendered":"https:\/\/printnord.com\/informations-legales\/"},"modified":"2025-05-26T11:15:15","modified_gmt":"2025-05-26T11:15:15","slug":"informations-legales","status":"publish","type":"page","link":"https:\/\/printnord.com\/fr\/informations-legales\/","title":{"rendered":"Informations l\u00e9gales"},"content":{"rendered":"\n<h2 class=\"wp-block-heading\">Politique de confidentialit\u00e9<\/h2>\n\n<p><br\/><strong><a href=\"https:\/\/printnord.com\/wp-content\/uploads\/2025\/05\/Politique-de-confidentialite-&#x2013;-PrintNord.pdf\">Politique de confidentialit\u00e9 PDF<\/a><\/strong> (mise \u00e0 jour le 26 mai 2025)<\/p>\n\n<h2 class=\"wp-block-heading\">Conditions g\u00e9n\u00e9rales de vente<\/h2>\n\n<p><strong><a href=\"https:\/\/printnord.com\/wp-content\/uploads\/2025\/05\/Conditions-generales-&#x2013;-PrintNord.pdf\">Conditions g\u00e9n\u00e9rales de vente PDF<\/a><\/strong> (mise \u00e0 jour le 26 mai 2025)<\/p>\n\n<h2 class=\"wp-block-heading\">Politique relative aux cookies<\/h2>\n\n<p><br\/><strong><a href=\"https:\/\/printnord.com\/wp-content\/uploads\/2025\/05\/Politique-relative-aux-cookies-&#x2013;-PrintNord.pdf\">Politique relative aux cookies PDF<\/a><\/strong> (mise \u00e0 jour le 26 mai 2025)<\/p>\n\n<h2 class=\"wp-block-heading\">Politique de r\u00e9tractation et de retour<\/h2>\n\n<p><strong><a href=\"https:\/\/printnord.com\/wp-content\/uploads\/2025\/05\/Politique-de-retour-et-dannulation-&#x2013;-PrintNord.pdf\">Politique de r\u00e9tractation et de retour PDF<\/a><\/strong> (mise \u00e0 jour le 26 mai 2025)<\/p>\n\n<h2 class=\"wp-block-heading\">D\u00e9claration d\u2019accessibilit\u00e9<\/h2>\n\n<p><strong><a href=\"https:\/\/printnord.com\/wp-content\/uploads\/2025\/05\/Declaration-daccessibilite-&#x2013;-PrintNord.pdf\">D\u00e9claration d\u2019accessibilit\u00e9 PDF<\/a><\/strong> (mise \u00e0 jour le 26 mai 2025)<\/p>\n\n<h2 class=\"wp-block-heading\">Mentions l\u00e9gales (Impressum)<\/h2>\n\n<p><strong>PrintNord est une d\u00e9nomination commerciale enregistr\u00e9e de la soci\u00e9t\u00e9 Oy Rossi Ventures Ab, une soci\u00e9t\u00e9 \u00e0 responsabilit\u00e9 limit\u00e9e de droit finlandais.<br\/><\/strong>Oy Rossi Ventures Ab<br\/>Num\u00e9ro d\u2019immatriculation : 3533901-2<br\/>Katajasaarenkatu 6 A 4<br\/>53900 Lappeenranta, Finland<br\/>E-Mail: <a href=\"mailto:hello@printnord.com\">hello@printnord.com<\/a><br\/>Responsable l\u00e9gal : Johannes Rossi, Pr\u00e9sident-directeur g\u00e9n\u00e9ral<br\/>Enregistr\u00e9e au registre du commerce finlandais<br\/>Entreprise assujettie \u00e0 la TVA<br\/>Ce site op\u00e8re dans l\u2019UE et l\u2019EEE et est conforme aux lois applicables en mati\u00e8re de protection des consommateurs.<\/p>\n","protected":false},"excerpt":{"rendered":"<p>Politique de confidentialit\u00e9 Politique de confidentialit\u00e9 PDF (mise \u00e0 jour le 26 mai 2025) Conditions g\u00e9n\u00e9rales de vente Conditions g\u00e9n\u00e9rales de vente PDF (mise \u00e0 jour le 26 mai 2025) Politique relative aux cookies Politique relative aux cookies PDF (mise \u00e0 jour le 26 mai 2025) Politique de r\u00e9tractation et de retour Politique de r\u00e9tractation [&hellip;]<\/p>\n","protected":false},"author":1,"featured_media":0,"parent":0,"menu_order":0,"comment_status":"closed","ping_status":"closed","template":"","meta":{"_uag_custom_page_level_css":"","site-sidebar-layout":"default","site-content-layout":"","ast-site-content-layout":"default","site-content-style":"default","site-sidebar-style":"default","ast-global-header-display":"","ast-banner-title-visibility":"","ast-main-header-display":"","ast-hfb-above-header-display":"","ast-hfb-below-header-display":"","ast-hfb-mobile-header-display":"","site-post-title":"","ast-breadcrumbs-content":"","ast-featured-img":"","footer-sml-layout":"","theme-transparent-header-meta":"","adv-header-id-meta":"","stick-header-meta":"","header-above-stick-meta":"","header-main-stick-meta":"","header-below-stick-meta":"","astra-migrate-meta-layouts":"default","ast-page-background-enabled":"default","ast-page-background-meta":{"desktop":{"background-color":"","background-image":"","background-repeat":"repeat","background-position":"center center","background-size":"auto","background-attachment":"scroll","background-type":"","background-media":"","overlay-type":"","overlay-color":"","overlay-opacity":"","overlay-gradient":""},"tablet":{"background-color":"","background-image":"","background-repeat":"repeat","background-position":"center center","background-size":"auto","background-attachment":"scroll","background-type":"","background-media":"","overlay-type":"","overlay-color":"","overlay-opacity":"","overlay-gradient":""},"mobile":{"background-color":"","background-image":"","background-repeat":"repeat","background-position":"center center","background-size":"auto","background-attachment":"scroll","background-type":"","background-media":"","overlay-type":"","overlay-color":"","overlay-opacity":"","overlay-gradient":""}},"ast-content-background-meta":{"desktop":{"background-color":"var(--ast-global-color-5)","background-image":"","background-repeat":"repeat","background-position":"center center","background-size":"auto","background-attachment":"scroll","background-type":"","background-media":"","overlay-type":"","overlay-color":"","overlay-opacity":"","overlay-gradient":""},"tablet":{"background-color":"var(--ast-global-color-5)","background-image":"","background-repeat":"repeat","background-position":"center center","background-size":"auto","background-attachment":"scroll","background-type":"","background-media":"","overlay-type":"","overlay-color":"","overlay-opacity":"","overlay-gradient":""},"mobile":{"background-color":"var(--ast-global-color-5)","background-image":"","background-repeat":"repeat","background-position":"center center","background-size":"auto","background-attachment":"scroll","background-type":"","background-media":"","overlay-type":"","overlay-color":"","overlay-opacity":"","overlay-gradient":""}},"footnotes":""},"class_list":["post-12921","page","type-page","status-publish","hentry"],"spectra_custom_meta":{"rank_math_internal_links_processed":["1"],"_alp_processed":["1748258115"],"_wpml_media_duplicate":["1"],"_wpml_media_featured":["1"],"ast-main-header-display":[""],"ast-hfb-above-header-display":[""],"ast-hfb-below-header-display":[""],"ast-hfb-mobile-header-display":[""],"adv-header-id-meta":[""],"footer-sml-layout":[""],"stick-header-meta":[""],"header-main-stick-meta":[""],"header-above-stick-meta":[""],"header-below-stick-meta":[""],"site-post-title":[""],"site-sidebar-layout":["default"],"site-content-layout":[""],"ast-featured-img":[""],"ast-breadcrumbs-content":[""],"theme-transparent-header-meta":[""],"ast-banner-title-visibility":[""],"ast-global-header-display":[""],"ast-site-content-layout":["default"],"site-content-style":["default"],"site-sidebar-style":["default"],"_top_nav_excluded":[""],"_cms_nav_minihome":[""],"_wp_page_template":["default"],"rank_math_robots":["a:1:{i:0;s:5:\"index\";}"],"_last_translation_edit_mode":["translation-editor"],"_wpml_word_count":["177"],"_uag_page_assets":["a:9:{s:3:\"css\";s:263:\".uag-blocks-common-selector{z-index:var(--z-index-desktop) !important}@media (max-width: 976px){.uag-blocks-common-selector{z-index:var(--z-index-tablet) !important}}@media (max-width: 767px){.uag-blocks-common-selector{z-index:var(--z-index-mobile) !important}}\n\";s:2:\"js\";s:0:\"\";s:18:\"current_block_list\";a:12:{i:0;s:12:\"core\/heading\";i:1;s:14:\"core\/paragraph\";i:2;s:11:\"core\/search\";i:3;s:10:\"core\/group\";i:4;s:17:\"core\/latest-posts\";i:5;s:20:\"core\/latest-comments\";i:6;s:13:\"core\/archives\";i:7;s:15:\"core\/categories\";i:8;s:18:\"core\/legacy-widget\";i:9;s:24:\"woocommerce\/price-filter\";i:10;s:17:\"core\/widget-group\";i:11;s:27:\"woocommerce\/product-on-sale\";}s:8:\"uag_flag\";b:0;s:11:\"uag_version\";s:10:\"1761046449\";s:6:\"gfonts\";a:0:{}s:10:\"gfonts_url\";s:0:\"\";s:12:\"gfonts_files\";a:0:{}s:14:\"uag_faq_layout\";b:0;}"],"_uag_css_file_name":["uag-css-12921.css"]},"uagb_featured_image_src":{"full":false,"thumbnail":false,"medium":false,"medium_large":false,"large":false,"1536x1536":false,"2048x2048":false,"woocommerce_thumbnail":false,"woocommerce_single":false,"woocommerce_gallery_thumbnail":false},"uagb_author_info":{"display_name":"Oy Rossi Ventures Ab - 3533901-2 Johannes Rossi","author_link":"https:\/\/printnord.com\/fr\/author\/johannesrossi92gmail-com\/"},"uagb_comment_info":0,"uagb_excerpt":"Politique de confidentialit\u00e9 Politique de confidentialit\u00e9 PDF (mise \u00e0 jour le 26 mai 2025) Conditions g\u00e9n\u00e9rales de vente Conditions g\u00e9n\u00e9rales de vente PDF (mise \u00e0 jour le 26 mai 2025) Politique relative aux cookies Politique relative aux cookies PDF (mise \u00e0 jour le 26 mai 2025) Politique de r\u00e9tractation et de retour Politique de r\u00e9tractation\u2026","_links":{"self":[{"href":"https:\/\/printnord.com\/fr\/wp-json\/wp\/v2\/pages\/12921","targetHints":{"allow":["GET"]}}],"collection":[{"href":"https:\/\/printnord.com\/fr\/wp-json\/wp\/v2\/pages"}],"about":[{"href":"https:\/\/printnord.com\/fr\/wp-json\/wp\/v2\/types\/page"}],"author":[{"embeddable":true,"href":"https:\/\/printnord.com\/fr\/wp-json\/wp\/v2\/users\/1"}],"replies":[{"embeddable":true,"href":"https:\/\/printnord.com\/fr\/wp-json\/wp\/v2\/comments?post=12921"}],"version-history":[{"count":3,"href":"https:\/\/printnord.com\/fr\/wp-json\/wp\/v2\/pages\/12921\/revisions"}],"predecessor-version":[{"id":13037,"href":"https:\/\/printnord.com\/fr\/wp-json\/wp\/v2\/pages\/12921\/revisions\/13037"}],"wp:attachment":[{"href":"https:\/\/printnord.com\/fr\/wp-json\/wp\/v2\/media?parent=12921"}],"curies":[{"name":"wp","href":"https:\/\/api.w.org\/{rel}","templated":true}]}}