{"id":15883,"date":"2025-09-04T21:49:22","date_gmt":"2025-09-04T21:49:22","guid":{"rendered":"https:\/\/printnord.com\/product\/huppari-omalla-painatuksella-unisex-2\/"},"modified":"2025-09-04T21:49:22","modified_gmt":"2025-09-04T21:49:22","slug":"huppari-omalla-painatuksella-unisex-2","status":"publish","type":"product","link":"https:\/\/printnord.com\/fi\/product\/huppari-omalla-painatuksella-unisex-2\/","title":{"rendered":"Huppari omalla painatuksella \u2013 Unisex"},"content":{"rendered":"<p>Jokainen tarvitsee mukavan hupparin, johon voi k\u00e4perty\u00e4 \u2013 valitse siis pehme\u00e4, tyylik\u00e4s ja miellytt\u00e4v\u00e4 vaihtoehto. T\u00e4ydellinen viileisiin iltoihin! Valitse v\u00e4ri ja koko ja klikkaa \u201dCustomize\u201d tehd\u00e4ksesi siit\u00e4 juuri sinun n\u00e4k\u00f6isesi.  <\/p>\n<p>\u2022 50 % esikutistettua puuvillaa, 50 % polyesteri\u00e4<br \/>\n\u2022 Heather Sport Dark Navy: 40 % puuvillaa, 60 % polyesteri\u00e4<br \/>\n\u2022 Kankaan paino: 271 g\/m\u00b2 (8,0 oz\/yd\u00b2)<br \/>\n\u2022 Air-jet-kehr\u00e4tty lanka, pehme\u00e4 tuntu, v\u00e4hemm\u00e4n nyppyyntymist\u00e4<br \/>\n\u2022 Kaksinkertainen huppu, jossa yhteensopiva kiristysnauha<br \/>\n\u2022 Nelj\u00e4nneskierretetty kangas est\u00e4m\u00e4\u00e4n keskivekki\u00e4<br \/>\n\u2022 1 \u00d7 1 joustinneulottu resori hihansuissa ja vy\u00f6t\u00e4r\u00f6ll\u00e4, mukana spandexia<br \/>\n\u2022 Etutasku (\u201dkengurutasku\u201d)<br \/>\n\u2022 Kaksinkertaiset ompeleet kauluksessa, olkap\u00e4iss\u00e4, hiha-aukoissa, resoreissa ja helmassa<br \/>\n\u2022 Painamaton tuote valmistettu Bangladeshissa, Nicaraguassa, Hondurasissa tai El Salvadorissa<\/p>\n<p>Huom: Kankaan ominaisuuksien vuoksi valkoinen v\u00e4rivaihtoehto voi n\u00e4ytt\u00e4\u00e4 luonnonvalkoiselta kirkkaanvalkoisen sijaan.<\/p>\n","protected":false},"excerpt":{"rendered":"<p>Valitse v\u00e4ri ja koko, klikkaa sitten \u201dmukauta\u201d tehd\u00e4ksesi siit\u00e4 t\u00e4ysin oman! T\u00e4ydellinen juhliin, ainutlaatuiseksi lahjaksi tai oman tyylin luomiseen. <\/p>\n","protected":false},"featured_media":15127,"comment_status":"open","ping_status":"closed","template":"","meta":{"_uag_custom_page_level_css":"","site-sidebar-layout":"default","site-content-layout":"","ast-site-content-layout":"default","site-content-style":"default","site-sidebar-style":"default","ast-global-header-display":"","ast-banner-title-visibility":"","ast-main-header-display":"","ast-hfb-above-header-display":"","ast-hfb-below-header-display":"","ast-hfb-mobile-header-display":"","site-post-title":"","ast-breadcrumbs-content":"","ast-featured-img":"","footer-sml-layout":"","theme-transparent-header-meta":"default","adv-header-id-meta":"","stick-header-meta":"","header-above-stick-meta":"","header-main-stick-meta":"","header-below-stick-meta":"","astra-migrate-meta-layouts":"default","ast-page-background-enabled":"default","ast-page-background-meta":{"desktop":{"background-color":"","background-image":"","background-repeat":"repeat","background-position":"center center","background-size":"auto","background-attachment":"scroll","background-type":"","background-media":"","overlay-type":"","overlay-color":"","overlay-opacity":"","overlay-gradient":""},"tablet":{"background-color":"","background-image":"","background-repeat":"repeat","background-position":"center center","background-size":"auto","background-attachment":"scroll","background-type":"","background-media":"","overlay-type":"","overlay-color":"","overlay-opacity":"","overlay-gradient":""},"mobile":{"background-color":"","background-image":"","background-repeat":"repeat","background-position":"center center","background-size":"auto","background-attachment":"scroll","background-type":"","background-media":"","overlay-type":"","overlay-color":"","overlay-opacity":"","overlay-gradient":""}},"ast-content-background-meta":{"desktop":{"background-color":"var(--ast-global-color-5)","background-image":"","background-repeat":"repeat","background-position":"center center","background-size":"auto","background-attachment":"scroll","background-type":"","background-media":"","overlay-type":"","overlay-color":"","overlay-opacity":"","overlay-gradient":""},"tablet":{"background-color":"var(--ast-global-color-5)","background-image":"","background-repeat":"repeat","background-position":"center center","background-size":"auto","background-attachment":"scroll","background-type":"","background-media":"","overlay-type":"","overlay-color":"","overlay-opacity":"","overlay-gradient":""},"mobile":{"background-color":"var(--ast-global-color-5)","background-image":"","background-repeat":"repeat","background-position":"center center","background-size":"auto","background-attachment":"scroll","background-type":"","background-media":"","overlay-type":"","overlay-color":"","overlay-opacity":"","overlay-gradient":""}}},"product_brand":[],"product_cat":[295],"product_tag":[],"class_list":{"0":"post-15883","1":"product","2":"type-product","3":"status-publish","4":"has-post-thumbnail","6":"product_cat-vaatteet","7":"desktop-align-center","8":"tablet-align-center","9":"mobile-align-center","11":"first","12":"instock","13":"taxable","14":"shipping-taxable","15":"purchasable","16":"product-type-variable","17":"product-type-zakeke","18":"product-type-external"},"spectra_custom_meta":{"rank_math_internal_links_processed":["1"],"_alp_processed":["1757027178"],"_wcml_average_rating":[null],"_wcml_review_count":[null],"_wcml_rating_count":[null],"rank_math_primary_product_cat":["0"],"_backorders":["no"],"_download_limit":["-1"],"_download_expiry":["-1"],"_downloadable":["no"],"_manage_stock":["no"],"_stock_status":["instock"],"_sold_individually":["no"],"_tax_class":[""],"_tax_status":["taxable"],"_virtual":["no"],"total_sales":["2"],"_price":["47.5","50.5","54"],"_wpml_media_duplicate":["1"],"_wpml_media_featured":["1"],"site-sidebar-layout":["default"],"theme-transparent-header-meta":["default"],"ast-site-content-layout":["default"],"site-content-style":["default"],"site-sidebar-style":["default"],"_top_nav_excluded":[""],"_cms_nav_minihome":[""],"_thumbnail_id":["15127"],"_product_attributes":["a:2:{s:12:\"pa_zak-color\";a:6:{s:4:\"name\";s:12:\"pa_zak-color\";s:5:\"value\";s:0:\"\";s:8:\"position\";i:0;s:10:\"is_visible\";i:1;s:12:\"is_variation\";i:1;s:11:\"is_taxonomy\";i:1;}s:11:\"pa_zak-size\";a:6:{s:4:\"name\";s:11:\"pa_zak-size\";s:5:\"value\";s:0:\"\";s:8:\"position\";i:0;s:10:\"is_visible\";i:1;s:12:\"is_variation\";i:1;s:11:\"is_taxonomy\";i:1;}}"],"_wpml_word_count":["214"],"_product_image_gallery":["15133,15139,15145,15151,15157,15163,15169,15175,15181,15187,15193,15199,15205,15211,15217,15223,15229,15235,15241,15247,15253,15259,15265,15271,15277,15283,15289,15295,15301,15307,15313,15319,15325,15331,15337,15343"],"_uag_page_assets":["a:9:{s:3:\"css\";s:263:\".uag-blocks-common-selector{z-index:var(--z-index-desktop) !important}@media (max-width: 976px){.uag-blocks-common-selector{z-index:var(--z-index-tablet) !important}}@media (max-width: 767px){.uag-blocks-common-selector{z-index:var(--z-index-mobile) !important}}\n\";s:2:\"js\";s:0:\"\";s:18:\"current_block_list\";a:12:{i:0;s:11:\"core\/search\";i:1;s:10:\"core\/group\";i:2;s:12:\"core\/heading\";i:3;s:17:\"core\/latest-posts\";i:4;s:20:\"core\/latest-comments\";i:5;s:13:\"core\/archives\";i:6;s:15:\"core\/categories\";i:7;s:14:\"core\/paragraph\";i:8;s:18:\"core\/legacy-widget\";i:9;s:24:\"woocommerce\/price-filter\";i:10;s:17:\"core\/widget-group\";i:11;s:27:\"woocommerce\/product-on-sale\";}s:8:\"uag_flag\";b:0;s:11:\"uag_version\";s:10:\"1761046449\";s:6:\"gfonts\";a:0:{}s:10:\"gfonts_url\";s:0:\"\";s:12:\"gfonts_files\";a:0:{}s:14:\"uag_faq_layout\";b:0;}"],"_uag_css_file_name":["uag-css-15883.css"]},"uagb_featured_image_src":{"full":["https:\/\/printnord.com\/wp-content\/uploads\/2025\/09\/5530_1750160839.jpg",700,1000,false],"thumbnail":["https:\/\/printnord.com\/wp-content\/uploads\/2025\/09\/5530_1750160839-150x150.jpg",150,150,true],"medium":["https:\/\/printnord.com\/wp-content\/uploads\/2025\/09\/5530_1750160839-210x300.jpg",210,300,true],"medium_large":["https:\/\/printnord.com\/wp-content\/uploads\/2025\/09\/5530_1750160839.jpg",700,1000,false],"large":["https:\/\/printnord.com\/wp-content\/uploads\/2025\/09\/5530_1750160839.jpg",700,1000,false],"1536x1536":["https:\/\/printnord.com\/wp-content\/uploads\/2025\/09\/5530_1750160839.jpg",700,1000,false],"2048x2048":["https:\/\/printnord.com\/wp-content\/uploads\/2025\/09\/5530_1750160839.jpg",700,1000,false],"woocommerce_thumbnail":["https:\/\/printnord.com\/wp-content\/uploads\/2025\/09\/5530_1750160839-300x300.jpg",300,300,true],"woocommerce_single":["https:\/\/printnord.com\/wp-content\/uploads\/2025\/09\/5530_1750160839-600x857.jpg",600,857,true],"woocommerce_gallery_thumbnail":["https:\/\/printnord.com\/wp-content\/uploads\/2025\/09\/5530_1750160839-100x100.jpg",100,100,true]},"uagb_author_info":{"display_name":"Oy Rossi Ventures Ab - 3533901-2 Johannes Rossi","author_link":"https:\/\/printnord.com\/fi\/author\/"},"uagb_comment_info":0,"uagb_excerpt":"Valitse v\u00e4ri ja koko, klikkaa sitten \u201dmukauta\u201d tehd\u00e4ksesi siit\u00e4 t\u00e4ysin oman! T\u00e4ydellinen juhliin, ainutlaatuiseksi lahjaksi tai oman tyylin luomiseen.","_links":{"self":[{"href":"https:\/\/printnord.com\/fi\/wp-json\/wp\/v2\/product\/15883","targetHints":{"allow":["GET"]}}],"collection":[{"href":"https:\/\/printnord.com\/fi\/wp-json\/wp\/v2\/product"}],"about":[{"href":"https:\/\/printnord.com\/fi\/wp-json\/wp\/v2\/types\/product"}],"replies":[{"embeddable":true,"href":"https:\/\/printnord.com\/fi\/wp-json\/wp\/v2\/comments?post=15883"}],"wp:featuredmedia":[{"embeddable":true,"href":"https:\/\/printnord.com\/fi\/wp-json\/wp\/v2\/media\/15127"}],"wp:attachment":[{"href":"https:\/\/printnord.com\/fi\/wp-json\/wp\/v2\/media?parent=15883"}],"wp:term":[{"taxonomy":"product_brand","embeddable":true,"href":"https:\/\/printnord.com\/fi\/wp-json\/wp\/v2\/product_brand?post=15883"},{"taxonomy":"product_cat","embeddable":true,"href":"https:\/\/printnord.com\/fi\/wp-json\/wp\/v2\/product_cat?post=15883"},{"taxonomy":"product_tag","embeddable":true,"href":"https:\/\/printnord.com\/fi\/wp-json\/wp\/v2\/product_tag?post=15883"}],"curies":[{"name":"wp","href":"https:\/\/api.w.org\/{rel}","templated":true}]}}