{"id":15803,"date":"2025-09-04T21:58:48","date_gmt":"2025-09-04T21:58:48","guid":{"rendered":"https:\/\/printnord.com\/product\/kangaskassi-omalla-painatuksella-luomupuuvillaa\/"},"modified":"2025-09-04T21:58:48","modified_gmt":"2025-09-04T21:58:48","slug":"kangaskassi-omalla-painatuksella-luomupuuvillaa","status":"publish","type":"product","link":"https:\/\/printnord.com\/fi\/product\/kangaskassi-omalla-painatuksella-luomupuuvillaa\/","title":{"rendered":"Kangaskassi omalla painatuksella, luomupuuvillaa"},"content":{"rendered":"<p>Sano hyv\u00e4stit muoville ja pakkaa tavarasi t\u00e4h\u00e4n luomupuuvillasta valmistettuun kangaskassiin. Tilaa riitt\u00e4\u00e4 hyvin ruoille, kirjoille ja kaikelle silt\u00e4 v\u00e4lilt\u00e4. Valitse v\u00e4ri (kyll\u00e4, vaikka se onkin vain yht\u00e4 kokoa) ja klikkaa \u201dcustomize\u201d tehd\u00e4ksesi siit\u00e4 t\u00e4ysin omanlaisesi!  <\/p>\n<p>\u2022 100 % sertifioitu luomupuuvilla 3\/1 twill<br \/>\u2022 Kankaan paino: 272 g\/m\u00b2<br \/>\u2022 Mitat: 40,6 cm \u00d7 35,6 cm \u00d7 12,7 cm<br \/>\u2022 Kantokyky: 13,6 kg<br \/>\u2022 2,5 cm leve\u00e4t kaksoishihnat, 62,2 cm pitk\u00e4t<br \/>\u2022 Avoin p\u00e4\u00e4lokero<br \/>\u2022 Tyhj\u00e4 tuote per\u00e4isin Intiasta<\/p>\n","protected":false},"excerpt":{"rendered":"<p>Sano hyv\u00e4stit muoville ja pakkaa tavarasi t\u00e4h\u00e4n luomupuuvillasta valmistettuun kangaskassiin. Tilaa riitt\u00e4\u00e4 hyvin ruoille, kirjoille ja kaikelle silt\u00e4 v\u00e4lilt\u00e4. Valitse v\u00e4ri (kyll\u00e4, vaikka se onkin vain yht\u00e4 kokoa) ja klikkaa \u201dcustomize\u201d tehd\u00e4ksesi siit\u00e4 t\u00e4ysin omanlaisesi! \u2022 100 % sertifioitu luomupuuvilla 3\/1 twill\u2022 Kankaan paino: 272 g\/m\u00b2\u2022 Mitat: 40,6 cm \u00d7 35,6 cm \u00d7 12,7 cm\u2022 [&hellip;]<\/p>\n","protected":false},"featured_media":15602,"comment_status":"open","ping_status":"closed","template":"","meta":{"_uag_custom_page_level_css":"","site-sidebar-layout":"default","site-content-layout":"","ast-site-content-layout":"default","site-content-style":"default","site-sidebar-style":"default","ast-global-header-display":"","ast-banner-title-visibility":"","ast-main-header-display":"","ast-hfb-above-header-display":"","ast-hfb-below-header-display":"","ast-hfb-mobile-header-display":"","site-post-title":"","ast-breadcrumbs-content":"","ast-featured-img":"","footer-sml-layout":"","theme-transparent-header-meta":"","adv-header-id-meta":"","stick-header-meta":"","header-above-stick-meta":"","header-main-stick-meta":"","header-below-stick-meta":"","astra-migrate-meta-layouts":"default","ast-page-background-enabled":"default","ast-page-background-meta":{"desktop":{"background-color":"","background-image":"","background-repeat":"repeat","background-position":"center center","background-size":"auto","background-attachment":"scroll","background-type":"","background-media":"","overlay-type":"","overlay-color":"","overlay-opacity":"","overlay-gradient":""},"tablet":{"background-color":"","background-image":"","background-repeat":"repeat","background-position":"center center","background-size":"auto","background-attachment":"scroll","background-type":"","background-media":"","overlay-type":"","overlay-color":"","overlay-opacity":"","overlay-gradient":""},"mobile":{"background-color":"","background-image":"","background-repeat":"repeat","background-position":"center center","background-size":"auto","background-attachment":"scroll","background-type":"","background-media":"","overlay-type":"","overlay-color":"","overlay-opacity":"","overlay-gradient":""}},"ast-content-background-meta":{"desktop":{"background-color":"var(--ast-global-color-5)","background-image":"","background-repeat":"repeat","background-position":"center center","background-size":"auto","background-attachment":"scroll","background-type":"","background-media":"","overlay-type":"","overlay-color":"","overlay-opacity":"","overlay-gradient":""},"tablet":{"background-color":"var(--ast-global-color-5)","background-image":"","background-repeat":"repeat","background-position":"center center","background-size":"auto","background-attachment":"scroll","background-type":"","background-media":"","overlay-type":"","overlay-color":"","overlay-opacity":"","overlay-gradient":""},"mobile":{"background-color":"var(--ast-global-color-5)","background-image":"","background-repeat":"repeat","background-position":"center center","background-size":"auto","background-attachment":"scroll","background-type":"","background-media":"","overlay-type":"","overlay-color":"","overlay-opacity":"","overlay-gradient":""}}},"product_brand":[],"product_cat":[299],"product_tag":[],"class_list":{"0":"post-15803","1":"product","2":"type-product","3":"status-publish","4":"has-post-thumbnail","6":"product_cat-kassit","7":"desktop-align-center","8":"tablet-align-center","9":"mobile-align-center","11":"first","12":"instock","13":"taxable","14":"shipping-taxable","15":"purchasable","16":"product-type-variable","17":"product-type-zakeke","18":"product-type-external"},"spectra_custom_meta":{"rank_math_internal_links_processed":["1"],"_alp_processed":["1757026904"],"_wcml_average_rating":[null],"_wcml_review_count":[null],"_wcml_rating_count":[null],"_backorders":["no"],"_download_limit":["-1"],"_download_expiry":["-1"],"_downloadable":["no"],"_manage_stock":["no"],"_stock_status":["instock"],"_sold_individually":["no"],"_tax_class":[""],"_tax_status":["taxable"],"_virtual":["no"],"total_sales":["0"],"_price":["25.5"],"_top_nav_excluded":[""],"_cms_nav_minihome":[""],"_product_attributes":["a:2:{s:12:\"pa_zak-color\";a:6:{s:4:\"name\";s:12:\"pa_zak-color\";s:5:\"value\";s:0:\"\";s:8:\"position\";i:0;s:10:\"is_visible\";i:1;s:12:\"is_variation\";i:1;s:11:\"is_taxonomy\";i:1;}s:11:\"pa_zak-size\";a:6:{s:4:\"name\";s:11:\"pa_zak-size\";s:5:\"value\";s:0:\"\";s:8:\"position\";i:0;s:10:\"is_visible\";i:1;s:12:\"is_variation\";i:1;s:11:\"is_taxonomy\";i:1;}}"],"_wpml_word_count":["96"],"_thumbnail_id":["15602"],"_uag_page_assets":["a:9:{s:3:\"css\";s:263:\".uag-blocks-common-selector{z-index:var(--z-index-desktop) !important}@media (max-width: 976px){.uag-blocks-common-selector{z-index:var(--z-index-tablet) !important}}@media (max-width: 767px){.uag-blocks-common-selector{z-index:var(--z-index-mobile) !important}}\n\";s:2:\"js\";s:0:\"\";s:18:\"current_block_list\";a:12:{i:0;s:11:\"core\/search\";i:1;s:10:\"core\/group\";i:2;s:12:\"core\/heading\";i:3;s:17:\"core\/latest-posts\";i:4;s:20:\"core\/latest-comments\";i:5;s:13:\"core\/archives\";i:6;s:15:\"core\/categories\";i:7;s:14:\"core\/paragraph\";i:8;s:18:\"core\/legacy-widget\";i:9;s:24:\"woocommerce\/price-filter\";i:10;s:17:\"core\/widget-group\";i:11;s:27:\"woocommerce\/product-on-sale\";}s:8:\"uag_flag\";b:0;s:11:\"uag_version\";s:10:\"1761046449\";s:6:\"gfonts\";a:0:{}s:10:\"gfonts_url\";s:0:\"\";s:12:\"gfonts_files\";a:0:{}s:14:\"uag_faq_layout\";b:0;}"],"_uag_css_file_name":["uag-css-15803.css"]},"uagb_featured_image_src":{"full":["https:\/\/printnord.com\/wp-content\/uploads\/2025\/09\/10457_1582200790.jpg",700,1000,false],"thumbnail":["https:\/\/printnord.com\/wp-content\/uploads\/2025\/09\/10457_1582200790-150x150.jpg",150,150,true],"medium":["https:\/\/printnord.com\/wp-content\/uploads\/2025\/09\/10457_1582200790-210x300.jpg",210,300,true],"medium_large":["https:\/\/printnord.com\/wp-content\/uploads\/2025\/09\/10457_1582200790.jpg",700,1000,false],"large":["https:\/\/printnord.com\/wp-content\/uploads\/2025\/09\/10457_1582200790.jpg",700,1000,false],"1536x1536":["https:\/\/printnord.com\/wp-content\/uploads\/2025\/09\/10457_1582200790.jpg",700,1000,false],"2048x2048":["https:\/\/printnord.com\/wp-content\/uploads\/2025\/09\/10457_1582200790.jpg",700,1000,false],"woocommerce_thumbnail":["https:\/\/printnord.com\/wp-content\/uploads\/2025\/09\/10457_1582200790-300x300.jpg",300,300,true],"woocommerce_single":["https:\/\/printnord.com\/wp-content\/uploads\/2025\/09\/10457_1582200790-600x857.jpg",600,857,true],"woocommerce_gallery_thumbnail":["https:\/\/printnord.com\/wp-content\/uploads\/2025\/09\/10457_1582200790-100x100.jpg",100,100,true]},"uagb_author_info":{"display_name":"Oy Rossi Ventures Ab - 3533901-2 Johannes Rossi","author_link":"https:\/\/printnord.com\/fi\/author\/"},"uagb_comment_info":0,"uagb_excerpt":"Sano hyv\u00e4stit muoville ja pakkaa tavarasi t\u00e4h\u00e4n luomupuuvillasta valmistettuun kangaskassiin. Tilaa riitt\u00e4\u00e4 hyvin ruoille, kirjoille ja kaikelle silt\u00e4 v\u00e4lilt\u00e4. Valitse v\u00e4ri (kyll\u00e4, vaikka se onkin vain yht\u00e4 kokoa) ja klikkaa \u201dcustomize\u201d tehd\u00e4ksesi siit\u00e4 t\u00e4ysin omanlaisesi! \u2022 100 % sertifioitu luomupuuvilla 3\/1 twill\u2022 Kankaan paino: 272 g\/m\u00b2\u2022 Mitat: 40,6 cm \u00d7 35,6 cm \u00d7 12,7 cm\u2022&hellip;","_links":{"self":[{"href":"https:\/\/printnord.com\/fi\/wp-json\/wp\/v2\/product\/15803","targetHints":{"allow":["GET"]}}],"collection":[{"href":"https:\/\/printnord.com\/fi\/wp-json\/wp\/v2\/product"}],"about":[{"href":"https:\/\/printnord.com\/fi\/wp-json\/wp\/v2\/types\/product"}],"replies":[{"embeddable":true,"href":"https:\/\/printnord.com\/fi\/wp-json\/wp\/v2\/comments?post=15803"}],"wp:featuredmedia":[{"embeddable":true,"href":"https:\/\/printnord.com\/fi\/wp-json\/wp\/v2\/media\/15602"}],"wp:attachment":[{"href":"https:\/\/printnord.com\/fi\/wp-json\/wp\/v2\/media?parent=15803"}],"wp:term":[{"taxonomy":"product_brand","embeddable":true,"href":"https:\/\/printnord.com\/fi\/wp-json\/wp\/v2\/product_brand?post=15803"},{"taxonomy":"product_cat","embeddable":true,"href":"https:\/\/printnord.com\/fi\/wp-json\/wp\/v2\/product_cat?post=15803"},{"taxonomy":"product_tag","embeddable":true,"href":"https:\/\/printnord.com\/fi\/wp-json\/wp\/v2\/product_tag?post=15803"}],"curies":[{"name":"wp","href":"https:\/\/api.w.org\/{rel}","templated":true}]}}