{"id":12915,"date":"2025-04-22T16:40:30","date_gmt":"2025-04-22T16:40:30","guid":{"rendered":"https:\/\/printnord.com\/lailliset-tiedot\/"},"modified":"2025-05-26T07:40:49","modified_gmt":"2025-05-26T07:40:49","slug":"lailliset-tiedot","status":"publish","type":"page","link":"https:\/\/printnord.com\/fi\/lailliset-tiedot\/","title":{"rendered":"Lailliset tiedot"},"content":{"rendered":"\n<h2 class=\"wp-block-heading\">Tietosuojaseloste<\/h2>\n\n<p><br\/><strong><a href=\"https:\/\/printnord.com\/wp-content\/uploads\/2025\/05\/Tietosuojakaytanto-&#x2013;-PrintNord.pdf\">Tietosuojaseloste PDF<\/a><\/strong> (p\u00e4ivitetty 25.05.2025)<\/p>\n\n<h2 class=\"wp-block-heading\">Yleiset ehdot<\/h2>\n\n<p><strong><a href=\"https:\/\/printnord.com\/wp-content\/uploads\/2025\/05\/Yleiset-ehdot-&#x2013;-PrintNord.pdf\">Yleiset ehdot PDF<\/a><\/strong> (p\u00e4ivitetty 26.05.2025)<\/p>\n\n<h2 class=\"wp-block-heading\">Ev\u00e4stek\u00e4yt\u00e4nt\u00f6<\/h2>\n\n<p><br\/><strong><a href=\"https:\/\/printnord.com\/wp-content\/uploads\/2025\/05\/Evastekaytanto-&#x2013;-PrintNord.pdf\">Ev\u00e4stek\u00e4yt\u00e4nt\u00f6 PDF<\/a><\/strong> (p\u00e4ivitetty 25.05.2025)<\/p>\n\n<h2 class=\"wp-block-heading\">Peruuttamisoikeus ja palautusk\u00e4yt\u00e4nt\u00f6<\/h2>\n\n<p><strong><a href=\"https:\/\/printnord.com\/wp-content\/uploads\/2025\/05\/Palautus-ja-peruuttamiskaytanto-&#x2013;-PrintNord.pdf\">Peruuttamisoikeus ja palautusk\u00e4yt\u00e4nt\u00f6 PDF<\/a><\/strong> (p\u00e4ivitetty 25.05.2025)<\/p>\n\n<h2 class=\"wp-block-heading\">Saavutettavuuslausunto<\/h2>\n\n<p><strong><a href=\"https:\/\/printnord.com\/wp-content\/uploads\/2025\/05\/Saavutettavuuslausunto-&#x2013;-PrintNord.pdf\">Saavutettavuuslausunto PDF<\/a><\/strong> (p\u00e4ivitetty 25.05.2025)<\/p>\n\n<h2 class=\"wp-block-heading\">Lakitiedot (Impressum)<\/h2>\n\n<p><strong>PrintNord on Oy Rossi Ventures Ab:n rekister\u00f6ity aputoiminimi.<br\/><\/strong>Oy Rossi Ventures Ab<br\/>Y-tunnus: 3533901-2<br\/>Katajasaarenkatu 6 A 4<br\/>53900 Lappeenranta, Finland<br\/>S\u00e4hk\u00f6posti: <a href=\"mailto:hello@printnord.com\">hello@printnord.com<\/a><br\/>Verkkokaupan vastuuhenkil\u00f6: Johannes Rossi, tj<br\/>Rekister\u00f6ity kaupparekisteriin<br\/>Arvonlis\u00e4verovelvollinen (ALV-rekisteriss\u00e4)<br\/>T\u00e4m\u00e4 verkkosivusto toimii EU:n ja ETA:n alueella ja noudattaa soveltuvia kuluttajasuojalakeja.<\/p>\n","protected":false},"excerpt":{"rendered":"<p>Tietosuojaseloste Tietosuojaseloste PDF (p\u00e4ivitetty 25.05.2025) Yleiset ehdot Yleiset ehdot PDF (p\u00e4ivitetty 26.05.2025) Ev\u00e4stek\u00e4yt\u00e4nt\u00f6 Ev\u00e4stek\u00e4yt\u00e4nt\u00f6 PDF (p\u00e4ivitetty 25.05.2025) Peruuttamisoikeus ja palautusk\u00e4yt\u00e4nt\u00f6 Peruuttamisoikeus ja palautusk\u00e4yt\u00e4nt\u00f6 PDF (p\u00e4ivitetty 25.05.2025) Saavutettavuuslausunto Saavutettavuuslausunto PDF (p\u00e4ivitetty 25.05.2025) Lakitiedot (Impressum) PrintNord on Oy Rossi Ventures Ab:n rekister\u00f6ity aputoiminimi.Oy Rossi Ventures AbY-tunnus: 3533901-2Katajasaarenkatu 6 A 453900 Lappeenranta, FinlandS\u00e4hk\u00f6posti: hello@printnord.comVerkkokaupan vastuuhenkil\u00f6: Johannes Rossi, tjRekister\u00f6ity [&hellip;]<\/p>\n","protected":false},"author":1,"featured_media":0,"parent":0,"menu_order":0,"comment_status":"closed","ping_status":"closed","template":"","meta":{"_uag_custom_page_level_css":"","site-sidebar-layout":"default","site-content-layout":"","ast-site-content-layout":"default","site-content-style":"default","site-sidebar-style":"default","ast-global-header-display":"","ast-banner-title-visibility":"","ast-main-header-display":"","ast-hfb-above-header-display":"","ast-hfb-below-header-display":"","ast-hfb-mobile-header-display":"","site-post-title":"","ast-breadcrumbs-content":"","ast-featured-img":"","footer-sml-layout":"","theme-transparent-header-meta":"","adv-header-id-meta":"","stick-header-meta":"","header-above-stick-meta":"","header-main-stick-meta":"","header-below-stick-meta":"","astra-migrate-meta-layouts":"default","ast-page-background-enabled":"default","ast-page-background-meta":{"desktop":{"background-color":"","background-image":"","background-repeat":"repeat","background-position":"center center","background-size":"auto","background-attachment":"scroll","background-type":"","background-media":"","overlay-type":"","overlay-color":"","overlay-opacity":"","overlay-gradient":""},"tablet":{"background-color":"","background-image":"","background-repeat":"repeat","background-position":"center center","background-size":"auto","background-attachment":"scroll","background-type":"","background-media":"","overlay-type":"","overlay-color":"","overlay-opacity":"","overlay-gradient":""},"mobile":{"background-color":"","background-image":"","background-repeat":"repeat","background-position":"center center","background-size":"auto","background-attachment":"scroll","background-type":"","background-media":"","overlay-type":"","overlay-color":"","overlay-opacity":"","overlay-gradient":""}},"ast-content-background-meta":{"desktop":{"background-color":"var(--ast-global-color-5)","background-image":"","background-repeat":"repeat","background-position":"center center","background-size":"auto","background-attachment":"scroll","background-type":"","background-media":"","overlay-type":"","overlay-color":"","overlay-opacity":"","overlay-gradient":""},"tablet":{"background-color":"var(--ast-global-color-5)","background-image":"","background-repeat":"repeat","background-position":"center center","background-size":"auto","background-attachment":"scroll","background-type":"","background-media":"","overlay-type":"","overlay-color":"","overlay-opacity":"","overlay-gradient":""},"mobile":{"background-color":"var(--ast-global-color-5)","background-image":"","background-repeat":"repeat","background-position":"center center","background-size":"auto","background-attachment":"scroll","background-type":"","background-media":"","overlay-type":"","overlay-color":"","overlay-opacity":"","overlay-gradient":""}},"footnotes":""},"class_list":["post-12915","page","type-page","status-publish","hentry"],"spectra_custom_meta":{"rank_math_internal_links_processed":["1"],"_alp_processed":["1748245249"],"_wpml_media_duplicate":["1"],"_wpml_media_featured":["1"],"ast-main-header-display":[""],"ast-hfb-above-header-display":[""],"ast-hfb-below-header-display":[""],"ast-hfb-mobile-header-display":[""],"adv-header-id-meta":[""],"footer-sml-layout":[""],"stick-header-meta":[""],"header-main-stick-meta":[""],"header-above-stick-meta":[""],"header-below-stick-meta":[""],"site-post-title":[""],"site-sidebar-layout":["default"],"site-content-layout":[""],"ast-featured-img":[""],"ast-breadcrumbs-content":[""],"theme-transparent-header-meta":[""],"ast-banner-title-visibility":[""],"ast-global-header-display":[""],"ast-site-content-layout":["default"],"site-content-style":["default"],"site-sidebar-style":["default"],"_top_nav_excluded":[""],"_cms_nav_minihome":[""],"_wp_page_template":["default"],"rank_math_robots":["a:1:{i:0;s:5:\"index\";}"],"_last_translation_edit_mode":["translation-editor"],"_wpml_word_count":["133"],"_uag_page_assets":["a:9:{s:3:\"css\";s:263:\".uag-blocks-common-selector{z-index:var(--z-index-desktop) !important}@media (max-width: 976px){.uag-blocks-common-selector{z-index:var(--z-index-tablet) !important}}@media (max-width: 767px){.uag-blocks-common-selector{z-index:var(--z-index-mobile) !important}}\n\";s:2:\"js\";s:0:\"\";s:18:\"current_block_list\";a:12:{i:0;s:12:\"core\/heading\";i:1;s:14:\"core\/paragraph\";i:2;s:11:\"core\/search\";i:3;s:10:\"core\/group\";i:4;s:17:\"core\/latest-posts\";i:5;s:20:\"core\/latest-comments\";i:6;s:13:\"core\/archives\";i:7;s:15:\"core\/categories\";i:8;s:18:\"core\/legacy-widget\";i:9;s:24:\"woocommerce\/price-filter\";i:10;s:17:\"core\/widget-group\";i:11;s:27:\"woocommerce\/product-on-sale\";}s:8:\"uag_flag\";b:0;s:11:\"uag_version\";s:10:\"1761046449\";s:6:\"gfonts\";a:0:{}s:10:\"gfonts_url\";s:0:\"\";s:12:\"gfonts_files\";a:0:{}s:14:\"uag_faq_layout\";b:0;}"],"_uag_css_file_name":["uag-css-12915.css"]},"uagb_featured_image_src":{"full":false,"thumbnail":false,"medium":false,"medium_large":false,"large":false,"1536x1536":false,"2048x2048":false,"woocommerce_thumbnail":false,"woocommerce_single":false,"woocommerce_gallery_thumbnail":false},"uagb_author_info":{"display_name":"Oy Rossi Ventures Ab - 3533901-2 Johannes Rossi","author_link":"https:\/\/printnord.com\/fi\/author\/johannesrossi92gmail-com\/"},"uagb_comment_info":0,"uagb_excerpt":"Tietosuojaseloste Tietosuojaseloste PDF (p\u00e4ivitetty 25.05.2025) Yleiset ehdot Yleiset ehdot PDF (p\u00e4ivitetty 26.05.2025) Ev\u00e4stek\u00e4yt\u00e4nt\u00f6 Ev\u00e4stek\u00e4yt\u00e4nt\u00f6 PDF (p\u00e4ivitetty 25.05.2025) Peruuttamisoikeus ja palautusk\u00e4yt\u00e4nt\u00f6 Peruuttamisoikeus ja palautusk\u00e4yt\u00e4nt\u00f6 PDF (p\u00e4ivitetty 25.05.2025) Saavutettavuuslausunto Saavutettavuuslausunto PDF (p\u00e4ivitetty 25.05.2025) Lakitiedot (Impressum) PrintNord on Oy Rossi Ventures Ab:n rekister\u00f6ity aputoiminimi.Oy Rossi Ventures AbY-tunnus: 3533901-2Katajasaarenkatu 6 A 453900 Lappeenranta, FinlandS\u00e4hk\u00f6posti: hello@printnord.comVerkkokaupan vastuuhenkil\u00f6: Johannes Rossi, tjRekister\u00f6ity&hellip;","_links":{"self":[{"href":"https:\/\/printnord.com\/fi\/wp-json\/wp\/v2\/pages\/12915","targetHints":{"allow":["GET"]}}],"collection":[{"href":"https:\/\/printnord.com\/fi\/wp-json\/wp\/v2\/pages"}],"about":[{"href":"https:\/\/printnord.com\/fi\/wp-json\/wp\/v2\/types\/page"}],"author":[{"embeddable":true,"href":"https:\/\/printnord.com\/fi\/wp-json\/wp\/v2\/users\/1"}],"replies":[{"embeddable":true,"href":"https:\/\/printnord.com\/fi\/wp-json\/wp\/v2\/comments?post=12915"}],"version-history":[{"count":1,"href":"https:\/\/printnord.com\/fi\/wp-json\/wp\/v2\/pages\/12915\/revisions"}],"predecessor-version":[{"id":12916,"href":"https:\/\/printnord.com\/fi\/wp-json\/wp\/v2\/pages\/12915\/revisions\/12916"}],"wp:attachment":[{"href":"https:\/\/printnord.com\/fi\/wp-json\/wp\/v2\/media?parent=12915"}],"curies":[{"name":"wp","href":"https:\/\/api.w.org\/{rel}","templated":true}]}}